{"id":2279,"date":"2023-05-22T07:41:02","date_gmt":"2023-05-22T07:41:02","guid":{"rendered":"https:\/\/oceanista.vn\/?post_type=product&#038;p=2279"},"modified":"2023-05-22T07:44:41","modified_gmt":"2023-05-22T07:44:41","slug":"free-diving-fins-box","status":"publish","type":"product","link":"https:\/\/thanhfreeman.com\/vi\/san-pham\/free-diving-fins-box\/","title":{"rendered":"Free Diving Fins box"},"content":{"rendered":"<div dir=\"auto\">\n<div dir=\"auto\"><img loading=\"lazy\" class=\"size-medium wp-image-2270 alignleft\" src=\"https:\/\/oceanista.vn\/wp-content\/uploads\/2023\/05\/Fins-box-free-diving-2-208x300.jpeg\" alt=\"\" width=\"208\" height=\"300\" srcset=\"https:\/\/thanhfreeman.com\/wp-content\/uploads\/2023\/05\/Fins-box-free-diving-2-208x300.jpeg 208w, https:\/\/thanhfreeman.com\/wp-content\/uploads\/2023\/05\/Fins-box-free-diving-2-800x1152.jpeg 800w, https:\/\/thanhfreeman.com\/wp-content\/uploads\/2023\/05\/Fins-box-free-diving-2-711x1024.jpeg 711w, https:\/\/thanhfreeman.com\/wp-content\/uploads\/2023\/05\/Fins-box-free-diving-2-768x1106.jpeg 768w, https:\/\/thanhfreeman.com\/wp-content\/uploads\/2023\/05\/Fins-box-free-diving-2-1067x1536.jpeg 1067w, https:\/\/thanhfreeman.com\/wp-content\/uploads\/2023\/05\/Fins-box-free-diving-2.jpeg 1422w\" sizes=\"(max-width: 208px) 100vw, 208px\" \/><\/div>\n<div dir=\"auto\">H\u1ed9p \u0111\u1ef1ng fins freedive.<\/div>\n<div dir=\"auto\">V\u1eadt d\u1ee5ng kh\u00f4ng th\u1ec3 thi\u1ebfu \u0111\u1ec3 b\u1ea3o v\u1ec7 an to\u00e0n cho c\u1eb7p fins y\u00eau qu\u00fd trong c\u00e1c chuy\u1ebfn \u0111i xa.<\/div>\n<div dir=\"auto\">H\u1ed9p ch\u1ea5t li\u1ec7u nh\u1ef1a ch\u1ecbu l\u1ef1c nh\u01b0 vali.<\/div>\n<div dir=\"auto\">C\u00f3 th\u1ec3 \u0111\u1ef1ng \u0111\u01b0\u1ee3c 2 \u0111\u00f4i fins ho\u1eb7c 1 \u0111\u00f4i fins v\u00e0 t\u1ea5t t\u1ea7n suit, v\u1edb, mask, \u1ed1ng th\u1edf nha c\u1ea3 nh\u00e0. R\u1ea5t ti\u1ec7n d\u1ee5ng.<\/div>\n<\/div>\n<div dir=\"auto\">H\u1ed9p \u0111\u1eebng d\u00e0i 120cm n\u00ean b\u1ea1n kh\u00f4ng ph\u1ea3i lo v\u1ea5n \u0111\u1ec1 h\u00e0nh l\u00fd qu\u00e1 kh\u1ed5 (200cm) \u1edf c\u00e1c chuy\u1ebfn bay th\u01b0\u01a1ng m\u1ea1i.<\/div>","protected":false},"excerpt":{"rendered":"<div dir=\"auto\">H\u1ed9p \u0111\u1ef1ng fin freedive.<\/div>\n<div dir=\"auto\">V\u1eadt d\u1ee5ng kh\u00f4ng th\u1ec3 thi\u1ebfu \u0111\u1ec3 b\u1ea3o v\u1ec7 an to\u00e0n cho c\u1eb7p fins y\u00eau qu\u00fd trong c\u00e1c chuy\u1ebfn \u0111i xa.<\/div>\n<div dir=\"auto\">H\u1ed9p ch\u1ea5t li\u1ec7u nh\u1ef1a ch\u1ecbu l\u1ef1c nh\u01b0 vali.<\/div>\n<div dir=\"auto\">C\u00f3 th\u1ec3 \u0111\u1ef1ng \u0111\u01b0\u1ee3c 2 \u0111\u00f4i fins ho\u1eb7c 1 \u0111\u00f4i fins v\u00e0 t\u1ea5t t\u1ea7n suit, v\u1edb, mask, \u1ed1ng th\u1edf nha c\u1ea3 nh\u00e0. R\u1ea5t ti\u1ec7n d\u1ee5ng.<\/div>","protected":false},"featured_media":2276,"comment_status":"open","ping_status":"closed","template":"","meta":[],"product_cat":[92,27,75],"product_tag":[],"_links":{"self":[{"href":"https:\/\/thanhfreeman.com\/vi\/wp-json\/wp\/v2\/product\/2279"}],"collection":[{"href":"https:\/\/thanhfreeman.com\/vi\/wp-json\/wp\/v2\/product"}],"about":[{"href":"https:\/\/thanhfreeman.com\/vi\/wp-json\/wp\/v2\/types\/product"}],"replies":[{"embeddable":true,"href":"https:\/\/thanhfreeman.com\/vi\/wp-json\/wp\/v2\/comments?post=2279"}],"version-history":[{"count":3,"href":"https:\/\/thanhfreeman.com\/vi\/wp-json\/wp\/v2\/product\/2279\/revisions"}],"predecessor-version":[{"id":2283,"href":"https:\/\/thanhfreeman.com\/vi\/wp-json\/wp\/v2\/product\/2279\/revisions\/2283"}],"wp:featuredmedia":[{"embeddable":true,"href":"https:\/\/thanhfreeman.com\/vi\/wp-json\/wp\/v2\/media\/2276"}],"wp:attachment":[{"href":"https:\/\/thanhfreeman.com\/vi\/wp-json\/wp\/v2\/media?parent=2279"}],"wp:term":[{"taxonomy":"product_cat","embeddable":true,"href":"https:\/\/thanhfreeman.com\/vi\/wp-json\/wp\/v2\/product_cat?post=2279"},{"taxonomy":"product_tag","embeddable":true,"href":"https:\/\/thanhfreeman.com\/vi\/wp-json\/wp\/v2\/product_tag?post=2279"}],"curies":[{"name":"wp","href":"https:\/\/api.w.org\/{rel}","templated":true}]}}